{"id":27,"date":"2017-12-02T05:22:39","date_gmt":"2017-12-02T04:22:39","guid":{"rendered":"http:\/\/drwartner.de\/?page_id=27"},"modified":"2024-11-24T09:41:30","modified_gmt":"2024-11-24T08:41:30","slug":"praxis","status":"publish","type":"page","link":"https:\/\/drwartner.de\/?page_id=27","title":{"rendered":"Praxis \/ Team"},"content":{"rendered":"<p>Die Praxis existiert seit Anfang der 80er (Dr. Anton Maidl).\u00a0 1998 wurde sie von Herrn Dr. Wartner \u00fcbernommen.<br \/>Das Haus, R\u00e4ume und Einrichtung wurden 2008-2012 (Dach, Fenster) und 2019 (Netzwerk, EDV, Praxisr\u00e4ume, Labor und WC, Inneneinrichtung) renoviert und erneuert.<\/p>\n<p>Terminsprechstunde, Fr\u00fcherkennung, haus\u00e4rztliche kardiovaskul\u00e4re Risikoberatung (arriba), Medikamentencheck\/Wechselwirkung (rationale Pharmakotherapie), Impfungen, Hausbesuche und Altenheimvisiten, Versorgung in der letzten Lebensphase (Vorausplanung, allgemeine ambulante Palliativmedizin). Technische Untersuchungen: Lungenfunktion, EKG, Langzeitblutdruck, Kn\u00f6chel-Arm-Index ABI (Schlaganfallrisiko), Verb\u00e4nde, Infusionen, kleine Chirugie<\/p>\n<p>Teilnahme am allgemeinen \u00e4rztlichen Bereitschaftsdienst (Hausbesuchsdienst und Bereitschaftspraxis).<\/p>\n<p>Suchtmedizinische und psychosomatische Grundversorgung.<\/p>\n<p>Engagiert f\u00fcr gute allgemeinmedizinische Behandlung (DEGAM) und Ausbildung (Lehrarzt der TU M\u00fcnchen seit 2014).<\/p>\n\n\n<hr class=\"wp-block-separator has-alpha-channel-opacity\"\/>\n\n\n\n<h3 class=\"wp-block-heading has-medium-font-size\" style=\"font-style:normal;font-weight:600\"><a href=\"https:\/\/drwartner.de\/?p=290\">Unser Team<\/a><\/h3>\n\n\n\n<p><\/p>\n\n\n\n<p>Daniela Hintereicher, MFA<\/p>\n\n\n\n<p>Andrea Manz MFA<\/p>\n\n\n\n<p>Julia Poluosmak MFA<\/p>\n\n\n\n<p>Sydney Seidl MFA<\/p>\n\n\n\n<p>Dr. med. Anton Wartner, Arzt<\/p>\n\n\n\n<p><strong>Dr. med. Edna Reves, angestellte \u00c4rztin, Fach\u00e4rztin f\u00fcr An\u00e4sthesiologie\/Notfallmedizin\u00a0 Sicherstellungsassistentin \u201copiatgest\u00fctzte Ersatztherapie \u00a0bei Opiatabh\u00e4ngigkeit\u201d)<\/strong><\/p>\n\n\n\n<p>Doris Bartsch k\u00fcmmert sich um die Sauberkeit in und um die Praxis.<\/p>\n","protected":false},"excerpt":{"rendered":"<p>Die Praxis existiert seit Anfang der 80er (Dr. Anton Maidl).\u00a0 1998 wurde sie von Herrn Dr. Wartner \u00fcbernommen.Das Haus, R\u00e4ume und Einrichtung wurden 2008-2012 (Dach, Fenster) und 2019 (Netzwerk, EDV, Praxisr\u00e4ume, Labor und WC, Inneneinrichtung) renoviert und erneuert. Terminsprechstunde, Fr\u00fcherkennung, haus\u00e4rztliche kardiovaskul\u00e4re Risikoberatung (arriba), Medikamentencheck\/Wechselwirkung (rationale Pharmakotherapie), Impfungen, Hausbesuche und Altenheimvisiten, Versorgung in der letzten &hellip; <\/p>\n<p class=\"link-more\"><a href=\"https:\/\/drwartner.de\/?page_id=27\" class=\"more-link\"><span class=\"screen-reader-text\">\u201ePraxis \/ Team\u201c<\/span> weiterlesen<\/a><\/p>\n","protected":false},"author":1,"featured_media":0,"parent":0,"menu_order":0,"comment_status":"closed","ping_status":"closed","template":"template-full-width.php","meta":{"footnotes":""},"class_list":["post-27","page","type-page","status-publish","hentry"],"_links":{"self":[{"href":"https:\/\/drwartner.de\/index.php?rest_route=\/wp\/v2\/pages\/27","targetHints":{"allow":["GET"]}}],"collection":[{"href":"https:\/\/drwartner.de\/index.php?rest_route=\/wp\/v2\/pages"}],"about":[{"href":"https:\/\/drwartner.de\/index.php?rest_route=\/wp\/v2\/types\/page"}],"author":[{"embeddable":true,"href":"https:\/\/drwartner.de\/index.php?rest_route=\/wp\/v2\/users\/1"}],"replies":[{"embeddable":true,"href":"https:\/\/drwartner.de\/index.php?rest_route=%2Fwp%2Fv2%2Fcomments&post=27"}],"version-history":[{"count":14,"href":"https:\/\/drwartner.de\/index.php?rest_route=\/wp\/v2\/pages\/27\/revisions"}],"predecessor-version":[{"id":1158,"href":"https:\/\/drwartner.de\/index.php?rest_route=\/wp\/v2\/pages\/27\/revisions\/1158"}],"wp:attachment":[{"href":"https:\/\/drwartner.de\/index.php?rest_route=%2Fwp%2Fv2%2Fmedia&parent=27"}],"curies":[{"name":"wp","href":"https:\/\/api.w.org\/{rel}","templated":true}]}}